{"id":47,"date":"2024-07-12T23:52:19","date_gmt":"2024-07-13T02:52:19","guid":{"rendered":"https:\/\/yard-tech.com.ar\/?page_id=47"},"modified":"2025-11-14T18:26:14","modified_gmt":"2025-11-14T21:26:14","slug":"listas-de-precios","status":"publish","type":"page","link":"https:\/\/yard-tech.com.ar\/?page_id=47","title":{"rendered":"SERVICIO TECNICO"},"content":{"rendered":"\n<figure class=\"wp-block-image size-full\"><img loading=\"lazy\" decoding=\"async\" width=\"600\" height=\"470\" src=\"https:\/\/yard-tech.com.ar\/wp-content\/uploads\/2025\/10\/workshop-600.jpg\" alt=\"\" class=\"wp-image-478\" srcset=\"https:\/\/yard-tech.com.ar\/wp-content\/uploads\/2025\/10\/workshop-600.jpg 600w, https:\/\/yard-tech.com.ar\/wp-content\/uploads\/2025\/10\/workshop-600-300x235.jpg 300w\" sizes=\"auto, (max-width: 600px) 100vw, 600px\" \/><\/figure>\n\n\n\n<p>Servicio T\u00e9cnico: Maquinas a Explosi\u00f3n (2 y 4 tiempos) y El\u00e9ctricas. Todas las Marcas<\/p>\n\n\n\n<p>-Conversi\u00f3n de generadores Nafteros a Gas Natural y Envasado.<br>-Mantenimiento mensual a empresas<br>-Servicio a Municipios.<br>-Afilado de Cadenas  <\/p>\n\n\n\n<p>-Presupuesto R\u00e1pido<br>-Retiro a domicilio solo micro tractores con cargo <\/p>\n\n\n\n<p>-Trabajamos con los barrios privados de la zona de Moreno <\/p>\n\n\n\n<p>&#8211; Atencion de parques industriales <\/p>\n\n\n\n<p>-Puestas en marcha e instalacion de generadores a gas natural <\/p>\n\n\n\n<p><\/p>\n\n\n\n<div class=\"wp-block-media-text is-stacked-on-mobile\"><figure class=\"wp-block-media-text__media\"><img loading=\"lazy\" decoding=\"async\" width=\"1024\" height=\"339\" src=\"https:\/\/yard-tech.com.ar\/wp-content\/uploads\/2025\/10\/MTL_FALL_FIX6-1024x339.jpg\" alt=\"\" class=\"wp-image-493 size-full\" srcset=\"https:\/\/yard-tech.com.ar\/wp-content\/uploads\/2025\/10\/MTL_FALL_FIX6-1024x339.jpg 1024w, https:\/\/yard-tech.com.ar\/wp-content\/uploads\/2025\/10\/MTL_FALL_FIX6-300x99.jpg 300w, https:\/\/yard-tech.com.ar\/wp-content\/uploads\/2025\/10\/MTL_FALL_FIX6-768x254.jpg 768w, https:\/\/yard-tech.com.ar\/wp-content\/uploads\/2025\/10\/MTL_FALL_FIX6-600x198.jpg 600w, https:\/\/yard-tech.com.ar\/wp-content\/uploads\/2025\/10\/MTL_FALL_FIX6.jpg 1040w\" sizes=\"auto, (max-width: 1024px) 100vw, 1024px\" \/><\/figure><div class=\"wp-block-media-text__content\">\n<p>Reparacion de micro tractores <\/p>\n\n\n\n<ul class=\"wp-block-list\">\n<li>motor <\/li>\n\n\n\n<li>caja de cambios <\/li>\n\n\n\n<li>plataforma <\/li>\n\n\n\n<li>correas<\/li>\n\n\n\n<li>cuchillas<\/li>\n<\/ul>\n<\/div><\/div>\n\n\n\n<p><strong>H<\/strong>idrolavadoras   <\/p>\n\n\n\n<ul class=\"wp-block-list\">\n<li>Reparacion de bombas <\/li>\n\n\n\n<li>Reparacion de nafteras <\/li>\n\n\n\n<li>Reparacion de electricas <\/li>\n\n\n\n<li>armado de mangueras<\/li>\n<\/ul>\n\n\n\n<figure class=\"wp-block-gallery has-nested-images columns-default is-cropped wp-block-gallery-1 is-layout-flex wp-block-gallery-is-layout-flex\">\n<figure class=\"wp-block-image size-large\"><img loading=\"lazy\" decoding=\"async\" width=\"1024\" height=\"330\" data-id=\"518\" src=\"https:\/\/yard-tech.com.ar\/wp-content\/uploads\/2025\/11\/ANNOVI-1-1024x330.jpg\" alt=\"\" class=\"wp-image-518\" srcset=\"https:\/\/yard-tech.com.ar\/wp-content\/uploads\/2025\/11\/ANNOVI-1-1024x330.jpg 1024w, https:\/\/yard-tech.com.ar\/wp-content\/uploads\/2025\/11\/ANNOVI-1-300x97.jpg 300w, https:\/\/yard-tech.com.ar\/wp-content\/uploads\/2025\/11\/ANNOVI-1-768x247.jpg 768w, https:\/\/yard-tech.com.ar\/wp-content\/uploads\/2025\/11\/ANNOVI-1-600x193.jpg 600w, https:\/\/yard-tech.com.ar\/wp-content\/uploads\/2025\/11\/ANNOVI-1.jpg 1400w\" sizes=\"auto, (max-width: 1024px) 100vw, 1024px\" \/><\/figure>\n<\/figure>\n\n\n\n<figure class=\"wp-block-image size-full is-resized\"><img loading=\"lazy\" decoding=\"async\" width=\"300\" height=\"168\" src=\"https:\/\/yard-tech.com.ar\/wp-content\/uploads\/2025\/11\/descarga-2.jpg\" alt=\"\" class=\"wp-image-520\" style=\"width:275px;height:auto\"\/><\/figure>\n\n\n\n<p><\/p>\n","protected":false},"excerpt":{"rendered":"<p>Servicio T\u00e9cnico: Maquinas a Explosi\u00f3n (2 y 4 tiempos) y El\u00e9ctricas. Todas las Marcas -Conversi\u00f3n de generadores Nafteros a Gas&#8230;<\/p>\n","protected":false},"author":1,"featured_media":0,"parent":0,"menu_order":0,"comment_status":"closed","ping_status":"closed","template":"","meta":{"footnotes":""},"class_list":["post-47","page","type-page","status-publish","hentry"],"_links":{"self":[{"href":"https:\/\/yard-tech.com.ar\/index.php?rest_route=\/wp\/v2\/pages\/47","targetHints":{"allow":["GET"]}}],"collection":[{"href":"https:\/\/yard-tech.com.ar\/index.php?rest_route=\/wp\/v2\/pages"}],"about":[{"href":"https:\/\/yard-tech.com.ar\/index.php?rest_route=\/wp\/v2\/types\/page"}],"author":[{"embeddable":true,"href":"https:\/\/yard-tech.com.ar\/index.php?rest_route=\/wp\/v2\/users\/1"}],"replies":[{"embeddable":true,"href":"https:\/\/yard-tech.com.ar\/index.php?rest_route=%2Fwp%2Fv2%2Fcomments&post=47"}],"version-history":[{"count":17,"href":"https:\/\/yard-tech.com.ar\/index.php?rest_route=\/wp\/v2\/pages\/47\/revisions"}],"predecessor-version":[{"id":521,"href":"https:\/\/yard-tech.com.ar\/index.php?rest_route=\/wp\/v2\/pages\/47\/revisions\/521"}],"wp:attachment":[{"href":"https:\/\/yard-tech.com.ar\/index.php?rest_route=%2Fwp%2Fv2%2Fmedia&parent=47"}],"curies":[{"name":"wp","href":"https:\/\/api.w.org\/{rel}","templated":true}]}}